{"id":336,"date":"2024-12-10T19:01:46","date_gmt":"2024-12-10T19:01:46","guid":{"rendered":"https:\/\/robertoosorno.com\/?page_id=336"},"modified":"2025-01-08T22:06:14","modified_gmt":"2025-01-08T22:06:14","slug":"politica-de-privacidad","status":"publish","type":"page","link":"https:\/\/robertoosorno.com\/en\/politica-de-privacidad\/","title":{"rendered":"Privacy Policy"},"content":{"rendered":"<div data-elementor-type=\"wp-page\" data-elementor-id=\"336\" class=\"elementor elementor-336\" data-elementor-post-type=\"page\">\n\t\t\t\t\t\t\t<div data-particle_enable=\"false\" data-particle-mobile-disabled=\"false\" class=\"elementor-element elementor-element-66b33dba e-con-full e-flex e-con e-parent\" data-id=\"66b33dba\" data-element_type=\"container\" data-settings=\"{&quot;content_width&quot;:&quot;full&quot;,&quot;background_background&quot;:&quot;classic&quot;}\" data-core-v316-plus=\"true\">\n\t\t<div data-particle_enable=\"false\" data-particle-mobile-disabled=\"false\" class=\"elementor-element elementor-element-62a04ac e-con-full e-flex e-con e-child\" data-id=\"62a04ac\" data-element_type=\"container\" data-settings=\"{&quot;content_width&quot;:&quot;full&quot;,&quot;background_background&quot;:&quot;classic&quot;}\">\n\t\t\t\t<div class=\"elementor-element elementor-element-66b799a elementor-widget elementor-widget-heading\" data-id=\"66b799a\" data-element_type=\"widget\" data-widget_type=\"heading.default\">\n\t\t\t\t<div class=\"elementor-widget-container\">\n\t\t\t<style>\/*! elementor - v3.17.0 - 08-11-2023 *\/\n.elementor-heading-title{padding:0;margin:0;line-height:1}.elementor-widget-heading .elementor-heading-title[class*=elementor-size-]>a{color:inherit;font-size:inherit;line-height:inherit}.elementor-widget-heading .elementor-heading-title.elementor-size-small{font-size:15px}.elementor-widget-heading .elementor-heading-title.elementor-size-medium{font-size:19px}.elementor-widget-heading .elementor-heading-title.elementor-size-large{font-size:29px}.elementor-widget-heading .elementor-heading-title.elementor-size-xl{font-size:39px}.elementor-widget-heading .elementor-heading-title.elementor-size-xxl{font-size:59px}<\/style><h2 class=\"elementor-heading-title elementor-size-default\">Pol\u00edtica de privacidad<\/h2>\t\t<\/div>\n\t\t\t\t<\/div>\n\t\t\t\t<\/div>\n\t\t<div data-particle_enable=\"false\" data-particle-mobile-disabled=\"false\" class=\"elementor-element elementor-element-8a90514 e-flex e-con-boxed e-con e-child\" data-id=\"8a90514\" data-element_type=\"container\" data-settings=\"{&quot;content_width&quot;:&quot;boxed&quot;}\">\n\t\t\t\t\t<div class=\"e-con-inner\">\n\t\t\t\t<div class=\"elementor-element elementor-element-1dda6b5c elementor-widget elementor-widget-text-editor\" data-id=\"1dda6b5c\" data-element_type=\"widget\" data-widget_type=\"text-editor.default\">\n\t\t\t\t<div class=\"elementor-widget-container\">\n\t\t\t<style>\/*! elementor - v3.17.0 - 08-11-2023 *\/\n.elementor-widget-text-editor.elementor-drop-cap-view-stacked .elementor-drop-cap{background-color:#69727d;color:#fff}.elementor-widget-text-editor.elementor-drop-cap-view-framed .elementor-drop-cap{color:#69727d;border:3px solid;background-color:transparent}.elementor-widget-text-editor:not(.elementor-drop-cap-view-default) .elementor-drop-cap{margin-top:8px}.elementor-widget-text-editor:not(.elementor-drop-cap-view-default) .elementor-drop-cap-letter{width:1em;height:1em}.elementor-widget-text-editor .elementor-drop-cap{float:left;text-align:center;line-height:1;font-size:50px}.elementor-widget-text-editor .elementor-drop-cap-letter{display:inline-block}<\/style>\t\t\t\t<!-- wp:paragraph -->\n<p><strong>Last updated:<\/strong> Jan 8th, 2025<\/p>\n<p>In Roberto Osorno we respect your privacy and are committed to protecting information you share with us. This Privacy Policy describes how we collect, use, store and protect your personal data.<\/p>\n<h3>1. <strong>information we collect.<\/strong><\/h3>\n<p>We collect personal and non-personal information to provide and improve our services. The kinds of information we can collect include:<\/p>\n<h4>a) personal information<\/h4>\n<ul>\n<li>full name<\/li>\n<li>e-mail address<\/li>\n<li>physical address<\/li>\n<li>phone number<\/li>\n<li>payment information (in the case of purchases)<\/li>\n<\/ul>\n<h4>b) Non-personal information:<\/h4>\n<ul>\n<li>IP Address<\/li>\n<li>web browser and operative system<\/li>\n<li>pages visited on our website<\/li>\n<li>browsing time and clicks<\/li>\n<\/ul>\n<h3>2. <strong>How we use your information<\/strong><\/h3>\n<p>The information we collect will be used for the following ends:<\/p>\n<ul>\n<li>provide and improve our services<\/li>\n<li>process payments and manage orders<\/li>\n<li>Send important information, such as updates and promotions.<\/li>\n<li>Customize your experience in the website.<\/li>\n<li>Observe legal obligations.<\/li>\n<\/ul>\n<h3>3. <strong>Sharing your information<\/strong><\/h3>\n<p>We are committed to not selling, renting or sharing your personal information with third parties save in the following cases:<\/p>\n<ul>\n<li>When it is necessary to observe the law or legal requests.<\/li>\n<li>To process payments through verified third parties.<\/li>\n<li>With basic services providers that allow us to operate our website and provide services (such as hosting or marketing companies).<\/li>\n<\/ul>\n<h3>4. <strong>Protecting your information<\/strong><\/h3>\n<p>We implement physical, electronic and administrative security measures to protect your information against unauthorized access, alteration or sharing. However, no system is 100% safe, which is why we cannot guarantee the absolute safety of your data.<\/p>\n<h3>5. <strong>use of cookies<\/strong><\/h3>\n<p>We use cookies to improve your experience on our website. These allow us to:<\/p>\n<ul>\n<li>remember your preferences.<\/li>\n<li>Analyze user behavior. You can deactivate cookies in your web browser, though this may limit some of the site\u2019s functions.<\/li>\n<\/ul>\n<h3>6. <strong>Your rights<\/strong><\/h3>\n<p>You have a right to:<\/p>\n<ul>\n<li>access, correct or eliminate your personal information.<\/li>\n<li>Remove your consent for processing your data at any time.<\/li>\n<li>Present a complaint to your country\u2019s data protection authorities if you consider your rights have been infringed upon.<\/li>\n<\/ul>\n<h3>7. <strong>third party website links<\/strong><\/h3>\n<p>Our website could contain links to third party sites. We are not liable for said website\u2019s privacy policy and we advice that you read their respective privacy policy.<\/p>\n<h3>8. <strong>Changes to this policy<\/strong><\/h3>\n<p>We reserve the right to change this privacy policy at any given time. Updates will be published in this page with a new update date. We advise you periodically check this policy.<\/p>\n<h3>9. <strong>Contact<\/strong><\/h3>\n<p>if you have questions or inquiries about this Privacy Policy, you can contact us here:<\/p>\n<ul>\n<li><strong>E-mail:<\/strong> contacto@robertoosorno.com<\/li>\n<li><strong>Telephone:<\/strong> +52 1 33 1268 5741<\/li>\n<\/ul>\n<ul class=\"wp-block-list\"><!-- \/wp:list-item --><\/ul>\n<!-- \/wp:list -->\t\t\t\t\t\t<\/div>\n\t\t\t\t<\/div>\n\t\t\t\t\t<\/div>\n\t\t\t\t<\/div>\n\t\t\t\t<\/div>\n\t\t\t\t\t\t\t<\/div>","protected":false},"excerpt":{"rendered":"<p>Pol\u00edtica de privacidad \u00daltima actualizaci\u00f3n: 08\/Enero\/2025 En Roberto Osorno, respetamos tu privacidad y estamos comprometidos a proteger la informaci\u00f3n personal que compartas con nosotros. Esta Pol\u00edtica de Privacidad describe c\u00f3mo recopilamos, usamos, almacenamos y protegemos tus datos personales. 1. Informaci\u00f3n que Recopilamos Recopilamos informaci\u00f3n personal y no personal para proporcionar y mejorar nuestros servicios. Los [&hellip;]<\/p>","protected":false},"author":1,"featured_media":0,"parent":0,"menu_order":0,"comment_status":"closed","ping_status":"closed","template":"","meta":{"_eb_attr":"","footnotes":""},"class_list":["post-336","page","type-page","status-publish","hentry"],"yoast_head":"<!-- This site is optimized with the Yoast SEO Premium plugin v21.9 (Yoast SEO v21.9) - https:\/\/yoast.com\/wordpress\/plugins\/seo\/ -->\n<title>Pol\u00edtica de Privacidad - robertoosorno.com<\/title>\n<meta name=\"robots\" content=\"index, follow, max-snippet:-1, max-image-preview:large, max-video-preview:-1\" \/>\n<link rel=\"canonical\" href=\"https:\/\/robertoosorno.com\/en\/politica-de-privacidad\/\" \/>\n<meta property=\"og:locale\" content=\"en_US\" \/>\n<meta property=\"og:type\" content=\"article\" \/>\n<meta property=\"og:title\" content=\"Roberto Osorno - Estamos para entender, dise\u00f1ar y resolver\" \/>\n<meta property=\"og:description\" content=\"Nuestro conocimiento, experiencia y herramientas, nos permiten acompa\u00f1arte en tu jornada de innovaci\u00f3n, transformaci\u00f3n y tecnolog\u00eda.\" \/>\n<meta property=\"og:url\" content=\"https:\/\/robertoosorno.com\/en\/politica-de-privacidad\/\" \/>\n<meta property=\"og:site_name\" content=\"robertoosorno.com\" \/>\n<meta property=\"article:publisher\" content=\"https:\/\/www.facebook.com\/roberto.o.hinojosa?mibextid=wwXIfr&amp;rdid=ZN4qwCWsy8LRrSWw&amp;share_url=httpswww.facebook.comshare18N69gECNDmibextidwwXIfr\" \/>\n<meta property=\"article:modified_time\" content=\"2025-01-08T22:06:14+00:00\" \/>\n<meta property=\"og:image\" content=\"https:\/\/robertoosorno.com\/wp-content\/uploads\/2025\/01\/7-1.jpg\" \/>\n\t<meta property=\"og:image:width\" content=\"1920\" \/>\n\t<meta property=\"og:image:height\" content=\"1080\" \/>\n\t<meta property=\"og:image:type\" content=\"image\/jpeg\" \/>\n<meta name=\"twitter:card\" content=\"summary_large_image\" \/>\n<meta name=\"twitter:label1\" content=\"Est. reading time\" \/>\n\t<meta name=\"twitter:data1\" content=\"2 minutes\" \/>\n<script type=\"application\/ld+json\" class=\"yoast-schema-graph\">{\"@context\":\"https:\/\/schema.org\",\"@graph\":[{\"@type\":\"WebPage\",\"@id\":\"https:\/\/robertoosorno.com\/politica-de-privacidad\/\",\"url\":\"https:\/\/robertoosorno.com\/politica-de-privacidad\/\",\"name\":\"Pol\u00edtica de Privacidad - robertoosorno.com\",\"isPartOf\":{\"@id\":\"https:\/\/robertoosorno.com\/#website\"},\"datePublished\":\"2024-12-10T19:01:46+00:00\",\"dateModified\":\"2025-01-08T22:06:14+00:00\",\"breadcrumb\":{\"@id\":\"https:\/\/robertoosorno.com\/politica-de-privacidad\/#breadcrumb\"},\"inLanguage\":\"en-US\",\"potentialAction\":[{\"@type\":\"ReadAction\",\"target\":[\"https:\/\/robertoosorno.com\/politica-de-privacidad\/\"]}]},{\"@type\":\"BreadcrumbList\",\"@id\":\"https:\/\/robertoosorno.com\/politica-de-privacidad\/#breadcrumb\",\"itemListElement\":[{\"@type\":\"ListItem\",\"position\":1,\"name\":\"Inicio\",\"item\":\"https:\/\/robertoosorno.com\/\"},{\"@type\":\"ListItem\",\"position\":2,\"name\":\"Pol\u00edtica de Privacidad\"}]},{\"@type\":\"WebSite\",\"@id\":\"https:\/\/robertoosorno.com\/#website\",\"url\":\"https:\/\/robertoosorno.com\/\",\"name\":\"Roberto Osorno\",\"description\":\"Estamos para entender, dise\u00f1ar y resolver\",\"publisher\":{\"@id\":\"https:\/\/robertoosorno.com\/#organization\"},\"alternateName\":\"Roberto Osorno\",\"potentialAction\":[{\"@type\":\"SearchAction\",\"target\":{\"@type\":\"EntryPoint\",\"urlTemplate\":\"https:\/\/robertoosorno.com\/?s={search_term_string}\"},\"query-input\":\"required name=search_term_string\"}],\"inLanguage\":\"en-US\"},{\"@type\":\"Organization\",\"@id\":\"https:\/\/robertoosorno.com\/#organization\",\"name\":\"Roberto Osorno\",\"alternateName\":\"Roberto Osorno\",\"url\":\"https:\/\/robertoosorno.com\/\",\"logo\":{\"@type\":\"ImageObject\",\"inLanguage\":\"en-US\",\"@id\":\"https:\/\/robertoosorno.com\/#\/schema\/logo\/image\/\",\"url\":\"https:\/\/robertoosorno.com\/wp-content\/uploads\/2024\/12\/Group-471.png\",\"contentUrl\":\"https:\/\/robertoosorno.com\/wp-content\/uploads\/2024\/12\/Group-471.png\",\"width\":190,\"height\":65,\"caption\":\"Roberto Osorno\"},\"image\":{\"@id\":\"https:\/\/robertoosorno.com\/#\/schema\/logo\/image\/\"},\"sameAs\":[\"https:\/\/www.facebook.com\/roberto.o.hinojosa?mibextid=wwXIfr&rdid=ZN4qwCWsy8LRrSWw&share_url=httpswww.facebook.comshare18N69gECNDmibextidwwXIfr\",\"https:\/\/www.instagram.com\/roberto.osorno.hinojosa?igsh=cWF3Znh2djkzaXdw&utm_source=qr\",\"https:\/\/www.linkedin.com\/in\/robertoosornohinojosa\/\"],\"publishingPrinciples\":\"https:\/\/robertoosorno.com\/politica-de-privacidad\/\",\"actionableFeedbackPolicy\":\"https:\/\/robertoosorno.com\/politica-de-privacidad\/\"}]}<\/script>\n<!-- \/ Yoast SEO Premium plugin. -->","yoast_head_json":{"title":"Pol\u00edtica de Privacidad - robertoosorno.com","robots":{"index":"index","follow":"follow","max-snippet":"max-snippet:-1","max-image-preview":"max-image-preview:large","max-video-preview":"max-video-preview:-1"},"canonical":"https:\/\/robertoosorno.com\/en\/politica-de-privacidad\/","og_locale":"en_US","og_type":"article","og_title":"Roberto Osorno - Estamos para entender, dise\u00f1ar y resolver","og_description":"Nuestro conocimiento, experiencia y herramientas, nos permiten acompa\u00f1arte en tu jornada de innovaci\u00f3n, transformaci\u00f3n y tecnolog\u00eda.","og_url":"https:\/\/robertoosorno.com\/en\/politica-de-privacidad\/","og_site_name":"robertoosorno.com","article_publisher":"https:\/\/www.facebook.com\/roberto.o.hinojosa?mibextid=wwXIfr&rdid=ZN4qwCWsy8LRrSWw&share_url=httpswww.facebook.comshare18N69gECNDmibextidwwXIfr","article_modified_time":"2025-01-08T22:06:14+00:00","og_image":[{"width":1920,"height":1080,"url":"https:\/\/robertoosorno.com\/wp-content\/uploads\/2025\/01\/7-1.jpg","type":"image\/jpeg"}],"twitter_card":"summary_large_image","twitter_misc":{"Est. reading time":"2 minutes"},"schema":{"@context":"https:\/\/schema.org","@graph":[{"@type":"WebPage","@id":"https:\/\/robertoosorno.com\/politica-de-privacidad\/","url":"https:\/\/robertoosorno.com\/politica-de-privacidad\/","name":"Pol\u00edtica de Privacidad - robertoosorno.com","isPartOf":{"@id":"https:\/\/robertoosorno.com\/#website"},"datePublished":"2024-12-10T19:01:46+00:00","dateModified":"2025-01-08T22:06:14+00:00","breadcrumb":{"@id":"https:\/\/robertoosorno.com\/politica-de-privacidad\/#breadcrumb"},"inLanguage":"en-US","potentialAction":[{"@type":"ReadAction","target":["https:\/\/robertoosorno.com\/politica-de-privacidad\/"]}]},{"@type":"BreadcrumbList","@id":"https:\/\/robertoosorno.com\/politica-de-privacidad\/#breadcrumb","itemListElement":[{"@type":"ListItem","position":1,"name":"Inicio","item":"https:\/\/robertoosorno.com\/"},{"@type":"ListItem","position":2,"name":"Pol\u00edtica de Privacidad"}]},{"@type":"WebSite","@id":"https:\/\/robertoosorno.com\/#website","url":"https:\/\/robertoosorno.com\/","name":"Roberto Osorno","description":"Estamos para entender, dise\u00f1ar y resolver","publisher":{"@id":"https:\/\/robertoosorno.com\/#organization"},"alternateName":"Roberto Osorno","potentialAction":[{"@type":"SearchAction","target":{"@type":"EntryPoint","urlTemplate":"https:\/\/robertoosorno.com\/?s={search_term_string}"},"query-input":"required name=search_term_string"}],"inLanguage":"en-US"},{"@type":"Organization","@id":"https:\/\/robertoosorno.com\/#organization","name":"Roberto Osorno","alternateName":"Roberto Osorno","url":"https:\/\/robertoosorno.com\/","logo":{"@type":"ImageObject","inLanguage":"en-US","@id":"https:\/\/robertoosorno.com\/#\/schema\/logo\/image\/","url":"https:\/\/robertoosorno.com\/wp-content\/uploads\/2024\/12\/Group-471.png","contentUrl":"https:\/\/robertoosorno.com\/wp-content\/uploads\/2024\/12\/Group-471.png","width":190,"height":65,"caption":"Roberto Osorno"},"image":{"@id":"https:\/\/robertoosorno.com\/#\/schema\/logo\/image\/"},"sameAs":["https:\/\/www.facebook.com\/roberto.o.hinojosa?mibextid=wwXIfr&rdid=ZN4qwCWsy8LRrSWw&share_url=httpswww.facebook.comshare18N69gECNDmibextidwwXIfr","https:\/\/www.instagram.com\/roberto.osorno.hinojosa?igsh=cWF3Znh2djkzaXdw&utm_source=qr","https:\/\/www.linkedin.com\/in\/robertoosornohinojosa\/"],"publishingPrinciples":"https:\/\/robertoosorno.com\/politica-de-privacidad\/","actionableFeedbackPolicy":"https:\/\/robertoosorno.com\/politica-de-privacidad\/"}]}},"_links":{"self":[{"href":"https:\/\/robertoosorno.com\/en\/wp-json\/wp\/v2\/pages\/336","targetHints":{"allow":["GET"]}}],"collection":[{"href":"https:\/\/robertoosorno.com\/en\/wp-json\/wp\/v2\/pages"}],"about":[{"href":"https:\/\/robertoosorno.com\/en\/wp-json\/wp\/v2\/types\/page"}],"author":[{"embeddable":true,"href":"https:\/\/robertoosorno.com\/en\/wp-json\/wp\/v2\/users\/1"}],"replies":[{"embeddable":true,"href":"https:\/\/robertoosorno.com\/en\/wp-json\/wp\/v2\/comments?post=336"}],"version-history":[{"count":22,"href":"https:\/\/robertoosorno.com\/en\/wp-json\/wp\/v2\/pages\/336\/revisions"}],"predecessor-version":[{"id":1124,"href":"https:\/\/robertoosorno.com\/en\/wp-json\/wp\/v2\/pages\/336\/revisions\/1124"}],"wp:attachment":[{"href":"https:\/\/robertoosorno.com\/en\/wp-json\/wp\/v2\/media?parent=336"}],"curies":[{"name":"wp","href":"https:\/\/api.w.org\/{rel}","templated":true}]}}