{"id":308,"date":"2024-12-10T18:55:16","date_gmt":"2024-12-10T18:55:16","guid":{"rendered":"https:\/\/robertoosorno.com\/?page_id=308"},"modified":"2025-01-08T22:06:43","modified_gmt":"2025-01-08T22:06:43","slug":"terminos-y-condiciones","status":"publish","type":"page","link":"https:\/\/robertoosorno.com\/en\/terminos-y-condiciones\/","title":{"rendered":"Terms and Conditions"},"content":{"rendered":"<div data-elementor-type=\"wp-page\" data-elementor-id=\"308\" class=\"elementor elementor-308\" data-elementor-post-type=\"page\">\n\t\t\t\t\t\t\t<div data-particle_enable=\"false\" data-particle-mobile-disabled=\"false\" class=\"elementor-element elementor-element-66b33dba e-con-full e-flex e-con e-parent\" data-id=\"66b33dba\" data-element_type=\"container\" data-settings=\"{&quot;content_width&quot;:&quot;full&quot;,&quot;background_background&quot;:&quot;classic&quot;}\" data-core-v316-plus=\"true\">\n\t\t<div data-particle_enable=\"false\" data-particle-mobile-disabled=\"false\" class=\"elementor-element elementor-element-62a04ac e-con-full e-flex e-con e-child\" data-id=\"62a04ac\" data-element_type=\"container\" data-settings=\"{&quot;content_width&quot;:&quot;full&quot;,&quot;background_background&quot;:&quot;classic&quot;}\">\n\t\t\t\t<div class=\"elementor-element elementor-element-66b799a elementor-widget elementor-widget-heading\" data-id=\"66b799a\" data-element_type=\"widget\" data-widget_type=\"heading.default\">\n\t\t\t\t<div class=\"elementor-widget-container\">\n\t\t\t<style>\/*! elementor - v3.17.0 - 08-11-2023 *\/\n.elementor-heading-title{padding:0;margin:0;line-height:1}.elementor-widget-heading .elementor-heading-title[class*=elementor-size-]>a{color:inherit;font-size:inherit;line-height:inherit}.elementor-widget-heading .elementor-heading-title.elementor-size-small{font-size:15px}.elementor-widget-heading .elementor-heading-title.elementor-size-medium{font-size:19px}.elementor-widget-heading .elementor-heading-title.elementor-size-large{font-size:29px}.elementor-widget-heading .elementor-heading-title.elementor-size-xl{font-size:39px}.elementor-widget-heading .elementor-heading-title.elementor-size-xxl{font-size:59px}<\/style><h2 class=\"elementor-heading-title elementor-size-default\">Terms and conditions<\/h2>\t\t<\/div>\n\t\t\t\t<\/div>\n\t\t\t\t<\/div>\n\t\t<div data-particle_enable=\"false\" data-particle-mobile-disabled=\"false\" class=\"elementor-element elementor-element-8a90514 e-flex e-con-boxed e-con e-child\" data-id=\"8a90514\" data-element_type=\"container\" data-settings=\"{&quot;content_width&quot;:&quot;boxed&quot;}\">\n\t\t\t\t\t<div class=\"e-con-inner\">\n\t\t\t\t<div class=\"elementor-element elementor-element-1dda6b5c elementor-widget elementor-widget-text-editor\" data-id=\"1dda6b5c\" data-element_type=\"widget\" data-widget_type=\"text-editor.default\">\n\t\t\t\t<div class=\"elementor-widget-container\">\n\t\t\t<style>\/*! elementor - v3.17.0 - 08-11-2023 *\/\n.elementor-widget-text-editor.elementor-drop-cap-view-stacked .elementor-drop-cap{background-color:#69727d;color:#fff}.elementor-widget-text-editor.elementor-drop-cap-view-framed .elementor-drop-cap{color:#69727d;border:3px solid;background-color:transparent}.elementor-widget-text-editor:not(.elementor-drop-cap-view-default) .elementor-drop-cap{margin-top:8px}.elementor-widget-text-editor:not(.elementor-drop-cap-view-default) .elementor-drop-cap-letter{width:1em;height:1em}.elementor-widget-text-editor .elementor-drop-cap{float:left;text-align:center;line-height:1;font-size:50px}.elementor-widget-text-editor .elementor-drop-cap-letter{display:inline-block}<\/style>\t\t\t\t<!-- wp:paragraph -->\n<p><strong>Last updated:<\/strong> Jan 8th, 2025<\/p>\n<!-- \/wp:paragraph --><!-- wp:paragraph -->\n<p>Welcome to Roberto Osorno. When you access our website and\/or services, you accept the following terms and conditions. Please read them carefully before proceeding.<\/p>\n<!-- \/wp:paragraph --><!-- wp:heading {\"level\":3} -->\n<h3 class=\"wp-block-heading\">1.\u00a0<strong>accepting terms and conditions<\/strong><\/h3>\n<!-- \/wp:heading --><!-- wp:paragraph -->\n<p>when you access this website, you confirm you have read, understood and accepted our Terms and Conditions. If you do not accept, we request you do not use our services.<\/p>\n<!-- \/wp:paragraph --><!-- wp:heading {\"level\":3} -->\n<h3 class=\"wp-block-heading\">2.\u00a0<strong>Website use<\/strong><\/h3>\n<!-- \/wp:heading --><!-- wp:list -->\n<ul class=\"wp-block-list\"><!-- wp:list-item -->\n<li>this website is designed only for personal, non-commercial use.<\/li>\n<!-- \/wp:list-item --><!-- wp:list-item -->\n<li>you may not use this website for illegal or unauthorized purposes.<\/li>\n<!-- \/wp:list-item --><!-- wp:list-item -->\n<li>we reserve the right to restrict or suspend access to any user that does not follow these terms.<\/li>\n<!-- \/wp:list-item --><\/ul>\n<!-- \/wp:list --><!-- wp:heading {\"level\":3} -->\n<h3 class=\"wp-block-heading\">3.\u00a0<strong>Intellectual Property<\/strong><\/h3>\n<!-- \/wp:heading --><!-- wp:paragraph -->\n<p>All available content in this site (texts, pictures, logos, videos, etc.) are property of Roberto Osorno or their respective owners and are protected under IP law. It is forbidden to copy, distribute, modify or use any content without previous authorization.<\/p>\n<!-- \/wp:paragraph --><!-- wp:heading {\"level\":3} -->\n<h3 class=\"wp-block-heading\">4.\u00a0<strong>Privacy<\/strong><\/h3>\n<!-- \/wp:heading --><!-- wp:paragraph -->\n<p>Use of our services is subject to our\u00a0<strong>Privacy Policy<\/strong>which you can find here: <a href=\"https:\/\/robertoosorno.com\/en\/politica-de-privacidad\/\">robertoosorno.com - Privacy Policy<\/a>.<\/p>\n<!-- \/wp:paragraph --><!-- wp:heading {\"level\":3} -->\n<h3 class=\"wp-block-heading\">5.\u00a0<strong>Responsibility Limitation<\/strong><\/h3>\n<!-- \/wp:heading --><!-- wp:paragraph -->\n<p>Roberto Osorno will not be held responsible for:<\/p>\n<!-- \/wp:paragraph --><!-- wp:list -->\n<ul class=\"wp-block-list\"><!-- wp:list-item -->\n<li>Direct, indirect or consequential damages derived from the use or incapability of use of our services.<\/li>\n<!-- \/wp:list-item --><!-- wp:list-item -->\n<li>Third-party content linked to our website.<\/li>\n<!-- \/wp:list-item --><\/ul>\n<!-- \/wp:list --><!-- wp:heading {\"level\":3} -->\n<h3 class=\"wp-block-heading\">6.\u00a0<strong>Modifications<\/strong><\/h3>\n<!-- \/wp:heading --><!-- wp:paragraph -->\n<p>We reserve the right to modify these terms at any time. Changes will be published in this web page with a new update date. It is the user\u2019s responsibility to periodically check terms and conditions.<\/p>\n<!-- \/wp:paragraph --><!-- wp:heading {\"level\":3} -->\n<h3 class=\"wp-block-heading\">7.\u00a0<strong>Applicable Law<\/strong><\/h3>\n<!-- \/wp:heading --><!-- wp:paragraph -->\n<p>These terms are ruled and interpreted according to Mexico\u2019s legal framework including its dispositions regarding legal conflict.<\/p>\n<!-- \/wp:paragraph --><!-- wp:heading {\"level\":3} -->\n<h3 class=\"wp-block-heading\">8.\u00a0<strong>Contact<\/strong><\/h3>\n<!-- \/wp:heading --><!-- wp:paragraph -->\n<p>If you have any questions about terms and conditions, you can find us here:<\/p>\n<!-- \/wp:paragraph --><!-- wp:list -->\n<ul class=\"wp-block-list\"><!-- wp:list-item -->\n<li>Email : contacto@robertoosorno.com<\/li>\n<!-- \/wp:list-item --><!-- wp:list-item -->\n<li>Telephone: +52 1 33 1268 5741<\/li>\n<!-- \/wp:list-item --><!-- wp:list-item --><!-- \/wp:list-item --><\/ul>\n<!-- \/wp:list -->\t\t\t\t\t\t<\/div>\n\t\t\t\t<\/div>\n\t\t\t\t\t<\/div>\n\t\t\t\t<\/div>\n\t\t\t\t<\/div>\n\t\t\t\t\t\t\t<\/div>","protected":false},"excerpt":{"rendered":"<p>T\u00e9rminos y condiciones \u00daltima actualizaci\u00f3n: 08\/Enero\/2025 Bienvenido a Roberto Osorno. Al acceder o utilizar nuestro sitio web y\/o servicios, aceptas estar sujeto a los siguientes t\u00e9rminos y condiciones. Por favor, l\u00e9elos detenidamente antes de continuar. 1.\u00a0Aceptaci\u00f3n de los T\u00e9rminos Al acceder o utilizar este sitio web, confirmas que has le\u00eddo, entendido y aceptado estos T\u00e9rminos [&hellip;]<\/p>","protected":false},"author":1,"featured_media":0,"parent":0,"menu_order":0,"comment_status":"closed","ping_status":"closed","template":"","meta":{"_eb_attr":"","footnotes":""},"class_list":["post-308","page","type-page","status-publish","hentry"],"yoast_head":"<!-- This site is optimized with the Yoast SEO Premium plugin v21.9 (Yoast SEO v21.9) - https:\/\/yoast.com\/wordpress\/plugins\/seo\/ -->\n<title>T\u00e9rminos y Condiciones - robertoosorno.com<\/title>\n<meta name=\"robots\" content=\"index, follow, max-snippet:-1, max-image-preview:large, max-video-preview:-1\" \/>\n<link rel=\"canonical\" href=\"https:\/\/robertoosorno.com\/en\/terminos-y-condiciones\/\" \/>\n<meta property=\"og:locale\" content=\"en_US\" \/>\n<meta property=\"og:type\" content=\"article\" \/>\n<meta property=\"og:title\" content=\"Roberto Osorno - Estamos para entender, dise\u00f1ar y resolver\" \/>\n<meta property=\"og:description\" content=\"Nuestro conocimiento, experiencia y herramientas, nos permiten acompa\u00f1arte en tu jornada de innovaci\u00f3n, transformaci\u00f3n y tecnolog\u00eda.\" \/>\n<meta property=\"og:url\" content=\"https:\/\/robertoosorno.com\/en\/terminos-y-condiciones\/\" \/>\n<meta property=\"og:site_name\" content=\"robertoosorno.com\" \/>\n<meta property=\"article:publisher\" content=\"https:\/\/www.facebook.com\/roberto.o.hinojosa?mibextid=wwXIfr&amp;rdid=ZN4qwCWsy8LRrSWw&amp;share_url=httpswww.facebook.comshare18N69gECNDmibextidwwXIfr\" \/>\n<meta property=\"article:modified_time\" content=\"2025-01-08T22:06:43+00:00\" \/>\n<meta property=\"og:image\" content=\"https:\/\/robertoosorno.com\/wp-content\/uploads\/2025\/01\/7-1.jpg\" \/>\n\t<meta property=\"og:image:width\" content=\"1920\" \/>\n\t<meta property=\"og:image:height\" content=\"1080\" \/>\n\t<meta property=\"og:image:type\" content=\"image\/jpeg\" \/>\n<meta name=\"twitter:card\" content=\"summary_large_image\" \/>\n<meta name=\"twitter:label1\" content=\"Est. reading time\" \/>\n\t<meta name=\"twitter:data1\" content=\"2 minutes\" \/>\n<script type=\"application\/ld+json\" class=\"yoast-schema-graph\">{\"@context\":\"https:\/\/schema.org\",\"@graph\":[{\"@type\":\"WebPage\",\"@id\":\"https:\/\/robertoosorno.com\/terminos-y-condiciones\/\",\"url\":\"https:\/\/robertoosorno.com\/terminos-y-condiciones\/\",\"name\":\"T\u00e9rminos y Condiciones - robertoosorno.com\",\"isPartOf\":{\"@id\":\"https:\/\/robertoosorno.com\/#website\"},\"datePublished\":\"2024-12-10T18:55:16+00:00\",\"dateModified\":\"2025-01-08T22:06:43+00:00\",\"breadcrumb\":{\"@id\":\"https:\/\/robertoosorno.com\/terminos-y-condiciones\/#breadcrumb\"},\"inLanguage\":\"en-US\",\"potentialAction\":[{\"@type\":\"ReadAction\",\"target\":[\"https:\/\/robertoosorno.com\/terminos-y-condiciones\/\"]}]},{\"@type\":\"BreadcrumbList\",\"@id\":\"https:\/\/robertoosorno.com\/terminos-y-condiciones\/#breadcrumb\",\"itemListElement\":[{\"@type\":\"ListItem\",\"position\":1,\"name\":\"Inicio\",\"item\":\"https:\/\/robertoosorno.com\/\"},{\"@type\":\"ListItem\",\"position\":2,\"name\":\"T\u00e9rminos y Condiciones\"}]},{\"@type\":\"WebSite\",\"@id\":\"https:\/\/robertoosorno.com\/#website\",\"url\":\"https:\/\/robertoosorno.com\/\",\"name\":\"Roberto Osorno\",\"description\":\"Estamos para entender, dise\u00f1ar y resolver\",\"publisher\":{\"@id\":\"https:\/\/robertoosorno.com\/#organization\"},\"alternateName\":\"Roberto Osorno\",\"potentialAction\":[{\"@type\":\"SearchAction\",\"target\":{\"@type\":\"EntryPoint\",\"urlTemplate\":\"https:\/\/robertoosorno.com\/?s={search_term_string}\"},\"query-input\":\"required name=search_term_string\"}],\"inLanguage\":\"en-US\"},{\"@type\":\"Organization\",\"@id\":\"https:\/\/robertoosorno.com\/#organization\",\"name\":\"Roberto Osorno\",\"alternateName\":\"Roberto Osorno\",\"url\":\"https:\/\/robertoosorno.com\/\",\"logo\":{\"@type\":\"ImageObject\",\"inLanguage\":\"en-US\",\"@id\":\"https:\/\/robertoosorno.com\/#\/schema\/logo\/image\/\",\"url\":\"https:\/\/robertoosorno.com\/wp-content\/uploads\/2024\/12\/Group-471.png\",\"contentUrl\":\"https:\/\/robertoosorno.com\/wp-content\/uploads\/2024\/12\/Group-471.png\",\"width\":190,\"height\":65,\"caption\":\"Roberto Osorno\"},\"image\":{\"@id\":\"https:\/\/robertoosorno.com\/#\/schema\/logo\/image\/\"},\"sameAs\":[\"https:\/\/www.facebook.com\/roberto.o.hinojosa?mibextid=wwXIfr&rdid=ZN4qwCWsy8LRrSWw&share_url=httpswww.facebook.comshare18N69gECNDmibextidwwXIfr\",\"https:\/\/www.instagram.com\/roberto.osorno.hinojosa?igsh=cWF3Znh2djkzaXdw&utm_source=qr\",\"https:\/\/www.linkedin.com\/in\/robertoosornohinojosa\/\"],\"publishingPrinciples\":\"https:\/\/robertoosorno.com\/politica-de-privacidad\/\",\"actionableFeedbackPolicy\":\"https:\/\/robertoosorno.com\/politica-de-privacidad\/\"}]}<\/script>\n<!-- \/ Yoast SEO Premium plugin. -->","yoast_head_json":{"title":"T\u00e9rminos y Condiciones - robertoosorno.com","robots":{"index":"index","follow":"follow","max-snippet":"max-snippet:-1","max-image-preview":"max-image-preview:large","max-video-preview":"max-video-preview:-1"},"canonical":"https:\/\/robertoosorno.com\/en\/terminos-y-condiciones\/","og_locale":"en_US","og_type":"article","og_title":"Roberto Osorno - Estamos para entender, dise\u00f1ar y resolver","og_description":"Nuestro conocimiento, experiencia y herramientas, nos permiten acompa\u00f1arte en tu jornada de innovaci\u00f3n, transformaci\u00f3n y tecnolog\u00eda.","og_url":"https:\/\/robertoosorno.com\/en\/terminos-y-condiciones\/","og_site_name":"robertoosorno.com","article_publisher":"https:\/\/www.facebook.com\/roberto.o.hinojosa?mibextid=wwXIfr&rdid=ZN4qwCWsy8LRrSWw&share_url=httpswww.facebook.comshare18N69gECNDmibextidwwXIfr","article_modified_time":"2025-01-08T22:06:43+00:00","og_image":[{"width":1920,"height":1080,"url":"https:\/\/robertoosorno.com\/wp-content\/uploads\/2025\/01\/7-1.jpg","type":"image\/jpeg"}],"twitter_card":"summary_large_image","twitter_misc":{"Est. reading time":"2 minutes"},"schema":{"@context":"https:\/\/schema.org","@graph":[{"@type":"WebPage","@id":"https:\/\/robertoosorno.com\/terminos-y-condiciones\/","url":"https:\/\/robertoosorno.com\/terminos-y-condiciones\/","name":"T\u00e9rminos y Condiciones - robertoosorno.com","isPartOf":{"@id":"https:\/\/robertoosorno.com\/#website"},"datePublished":"2024-12-10T18:55:16+00:00","dateModified":"2025-01-08T22:06:43+00:00","breadcrumb":{"@id":"https:\/\/robertoosorno.com\/terminos-y-condiciones\/#breadcrumb"},"inLanguage":"en-US","potentialAction":[{"@type":"ReadAction","target":["https:\/\/robertoosorno.com\/terminos-y-condiciones\/"]}]},{"@type":"BreadcrumbList","@id":"https:\/\/robertoosorno.com\/terminos-y-condiciones\/#breadcrumb","itemListElement":[{"@type":"ListItem","position":1,"name":"Inicio","item":"https:\/\/robertoosorno.com\/"},{"@type":"ListItem","position":2,"name":"T\u00e9rminos y Condiciones"}]},{"@type":"WebSite","@id":"https:\/\/robertoosorno.com\/#website","url":"https:\/\/robertoosorno.com\/","name":"Roberto Osorno","description":"Estamos para entender, dise\u00f1ar y resolver","publisher":{"@id":"https:\/\/robertoosorno.com\/#organization"},"alternateName":"Roberto Osorno","potentialAction":[{"@type":"SearchAction","target":{"@type":"EntryPoint","urlTemplate":"https:\/\/robertoosorno.com\/?s={search_term_string}"},"query-input":"required name=search_term_string"}],"inLanguage":"en-US"},{"@type":"Organization","@id":"https:\/\/robertoosorno.com\/#organization","name":"Roberto Osorno","alternateName":"Roberto Osorno","url":"https:\/\/robertoosorno.com\/","logo":{"@type":"ImageObject","inLanguage":"en-US","@id":"https:\/\/robertoosorno.com\/#\/schema\/logo\/image\/","url":"https:\/\/robertoosorno.com\/wp-content\/uploads\/2024\/12\/Group-471.png","contentUrl":"https:\/\/robertoosorno.com\/wp-content\/uploads\/2024\/12\/Group-471.png","width":190,"height":65,"caption":"Roberto Osorno"},"image":{"@id":"https:\/\/robertoosorno.com\/#\/schema\/logo\/image\/"},"sameAs":["https:\/\/www.facebook.com\/roberto.o.hinojosa?mibextid=wwXIfr&rdid=ZN4qwCWsy8LRrSWw&share_url=httpswww.facebook.comshare18N69gECNDmibextidwwXIfr","https:\/\/www.instagram.com\/roberto.osorno.hinojosa?igsh=cWF3Znh2djkzaXdw&utm_source=qr","https:\/\/www.linkedin.com\/in\/robertoosornohinojosa\/"],"publishingPrinciples":"https:\/\/robertoosorno.com\/politica-de-privacidad\/","actionableFeedbackPolicy":"https:\/\/robertoosorno.com\/politica-de-privacidad\/"}]}},"_links":{"self":[{"href":"https:\/\/robertoosorno.com\/en\/wp-json\/wp\/v2\/pages\/308","targetHints":{"allow":["GET"]}}],"collection":[{"href":"https:\/\/robertoosorno.com\/en\/wp-json\/wp\/v2\/pages"}],"about":[{"href":"https:\/\/robertoosorno.com\/en\/wp-json\/wp\/v2\/types\/page"}],"author":[{"embeddable":true,"href":"https:\/\/robertoosorno.com\/en\/wp-json\/wp\/v2\/users\/1"}],"replies":[{"embeddable":true,"href":"https:\/\/robertoosorno.com\/en\/wp-json\/wp\/v2\/comments?post=308"}],"version-history":[{"count":43,"href":"https:\/\/robertoosorno.com\/en\/wp-json\/wp\/v2\/pages\/308\/revisions"}],"predecessor-version":[{"id":1127,"href":"https:\/\/robertoosorno.com\/en\/wp-json\/wp\/v2\/pages\/308\/revisions\/1127"}],"wp:attachment":[{"href":"https:\/\/robertoosorno.com\/en\/wp-json\/wp\/v2\/media?parent=308"}],"curies":[{"name":"wp","href":"https:\/\/api.w.org\/{rel}","templated":true}]}}