{"id":242,"date":"2024-12-10T17:32:06","date_gmt":"2024-12-10T17:32:06","guid":{"rendered":"https:\/\/robertoosorno.com\/?page_id=242"},"modified":"2024-12-10T18:36:01","modified_gmt":"2024-12-10T18:36:01","slug":"coming-soon","status":"publish","type":"page","link":"https:\/\/robertoosorno.com\/en\/coming-soon\/","title":{"rendered":"Coming soon"},"content":{"rendered":"<div data-elementor-type=\"wp-page\" data-elementor-id=\"242\" class=\"elementor elementor-242\" data-elementor-post-type=\"page\">\n\t\t\t\t\t\t\t<div data-particle_enable=\"false\" data-particle-mobile-disabled=\"false\" class=\"elementor-element elementor-element-b2e450c e-flex e-con-boxed e-con e-parent\" data-id=\"b2e450c\" data-element_type=\"container\" data-settings=\"{&quot;content_width&quot;:&quot;boxed&quot;}\" data-core-v316-plus=\"true\">\n\t\t\t\t\t<div class=\"e-con-inner\">\n\t\t\t\t<div class=\"elementor-element elementor-element-ff4dd98 elementor-widget elementor-widget-image\" data-id=\"ff4dd98\" data-element_type=\"widget\" data-widget_type=\"image.default\">\n\t\t\t\t<div class=\"elementor-widget-container\">\n\t\t\t<style>\/*! elementor - v3.17.0 - 08-11-2023 *\/\n.elementor-widget-image{text-align:center}.elementor-widget-image a{display:inline-block}.elementor-widget-image a img[src$=\".svg\"]{width:48px}.elementor-widget-image img{vertical-align:middle;display:inline-block}<\/style>\t\t\t\t\t\t\t\t\t\t\t\t<img decoding=\"async\" width=\"190\" height=\"65\" src=\"https:\/\/robertoosorno.com\/wp-content\/uploads\/2024\/12\/Group-471.png\" class=\"attachment-large size-large wp-image-189\" alt=\"\" \/>\t\t\t\t\t\t\t\t\t\t\t\t\t\t\t<\/div>\n\t\t\t\t<\/div>\n\t\t\t\t<div class=\"elementor-element elementor-element-dc7a0ad elementor-widget elementor-widget-heading\" data-id=\"dc7a0ad\" data-element_type=\"widget\" data-widget_type=\"heading.default\">\n\t\t\t\t<div class=\"elementor-widget-container\">\n\t\t\t<style>\/*! elementor - v3.17.0 - 08-11-2023 *\/\n.elementor-heading-title{padding:0;margin:0;line-height:1}.elementor-widget-heading .elementor-heading-title[class*=elementor-size-]>a{color:inherit;font-size:inherit;line-height:inherit}.elementor-widget-heading .elementor-heading-title.elementor-size-small{font-size:15px}.elementor-widget-heading .elementor-heading-title.elementor-size-medium{font-size:19px}.elementor-widget-heading .elementor-heading-title.elementor-size-large{font-size:29px}.elementor-widget-heading .elementor-heading-title.elementor-size-xl{font-size:39px}.elementor-widget-heading .elementor-heading-title.elementor-size-xxl{font-size:59px}<\/style><h2 class=\"elementor-heading-title elementor-size-default\">PR\u00d3XIMAMENTE<\/h2>\t\t<\/div>\n\t\t\t\t<\/div>\n\t\t\t\t\t<\/div>\n\t\t\t\t<\/div>\n\t\t\t\t\t\t\t<\/div>","protected":false},"excerpt":{"rendered":"<p>PR\u00d3XIMAMENTE<\/p>","protected":false},"author":1,"featured_media":0,"parent":0,"menu_order":0,"comment_status":"closed","ping_status":"closed","template":"elementor_canvas","meta":{"_eb_attr":"","footnotes":""},"class_list":["post-242","page","type-page","status-publish","hentry"],"yoast_head":"<!-- This site is optimized with the Yoast SEO Premium plugin v21.9 (Yoast SEO v21.9) - https:\/\/yoast.com\/wordpress\/plugins\/seo\/ -->\n<title>Coming soon - robertoosorno.com<\/title>\n<meta name=\"robots\" content=\"index, follow, max-snippet:-1, max-image-preview:large, max-video-preview:-1\" \/>\n<link rel=\"canonical\" href=\"https:\/\/robertoosorno.com\/en\/coming-soon\/\" \/>\n<meta property=\"og:locale\" content=\"en_US\" \/>\n<meta property=\"og:type\" content=\"article\" \/>\n<meta property=\"og:title\" content=\"Roberto Osorno - Estamos para entender, dise\u00f1ar y resolver\" \/>\n<meta property=\"og:description\" content=\"Nuestro conocimiento, experiencia y herramientas, nos permiten acompa\u00f1arte en tu jornada de innovaci\u00f3n, transformaci\u00f3n y tecnolog\u00eda.\" \/>\n<meta property=\"og:url\" content=\"https:\/\/robertoosorno.com\/en\/coming-soon\/\" \/>\n<meta property=\"og:site_name\" content=\"robertoosorno.com\" \/>\n<meta property=\"article:publisher\" content=\"https:\/\/www.facebook.com\/roberto.o.hinojosa?mibextid=wwXIfr&amp;rdid=ZN4qwCWsy8LRrSWw&amp;share_url=httpswww.facebook.comshare18N69gECNDmibextidwwXIfr\" \/>\n<meta property=\"article:modified_time\" content=\"2024-12-10T18:36:01+00:00\" \/>\n<meta property=\"og:image\" content=\"https:\/\/robertoosorno.com\/wp-content\/uploads\/2024\/12\/Group-471.png\" \/>\n<meta name=\"twitter:card\" content=\"summary_large_image\" \/>\n<script type=\"application\/ld+json\" class=\"yoast-schema-graph\">{\"@context\":\"https:\/\/schema.org\",\"@graph\":[{\"@type\":\"WebPage\",\"@id\":\"https:\/\/robertoosorno.com\/coming-soon\/\",\"url\":\"https:\/\/robertoosorno.com\/coming-soon\/\",\"name\":\"Coming soon - robertoosorno.com\",\"isPartOf\":{\"@id\":\"https:\/\/robertoosorno.com\/#website\"},\"datePublished\":\"2024-12-10T17:32:06+00:00\",\"dateModified\":\"2024-12-10T18:36:01+00:00\",\"breadcrumb\":{\"@id\":\"https:\/\/robertoosorno.com\/coming-soon\/#breadcrumb\"},\"inLanguage\":\"en-US\",\"potentialAction\":[{\"@type\":\"ReadAction\",\"target\":[\"https:\/\/robertoosorno.com\/coming-soon\/\"]}]},{\"@type\":\"BreadcrumbList\",\"@id\":\"https:\/\/robertoosorno.com\/coming-soon\/#breadcrumb\",\"itemListElement\":[{\"@type\":\"ListItem\",\"position\":1,\"name\":\"Inicio\",\"item\":\"https:\/\/robertoosorno.com\/\"},{\"@type\":\"ListItem\",\"position\":2,\"name\":\"Coming soon\"}]},{\"@type\":\"WebSite\",\"@id\":\"https:\/\/robertoosorno.com\/#website\",\"url\":\"https:\/\/robertoosorno.com\/\",\"name\":\"Roberto Osorno\",\"description\":\"Estamos para entender, dise\u00f1ar y resolver\",\"publisher\":{\"@id\":\"https:\/\/robertoosorno.com\/#organization\"},\"alternateName\":\"Roberto Osorno\",\"potentialAction\":[{\"@type\":\"SearchAction\",\"target\":{\"@type\":\"EntryPoint\",\"urlTemplate\":\"https:\/\/robertoosorno.com\/?s={search_term_string}\"},\"query-input\":\"required name=search_term_string\"}],\"inLanguage\":\"en-US\"},{\"@type\":\"Organization\",\"@id\":\"https:\/\/robertoosorno.com\/#organization\",\"name\":\"Roberto Osorno\",\"alternateName\":\"Roberto Osorno\",\"url\":\"https:\/\/robertoosorno.com\/\",\"logo\":{\"@type\":\"ImageObject\",\"inLanguage\":\"en-US\",\"@id\":\"https:\/\/robertoosorno.com\/#\/schema\/logo\/image\/\",\"url\":\"https:\/\/robertoosorno.com\/wp-content\/uploads\/2024\/12\/Group-471.png\",\"contentUrl\":\"https:\/\/robertoosorno.com\/wp-content\/uploads\/2024\/12\/Group-471.png\",\"width\":190,\"height\":65,\"caption\":\"Roberto Osorno\"},\"image\":{\"@id\":\"https:\/\/robertoosorno.com\/#\/schema\/logo\/image\/\"},\"sameAs\":[\"https:\/\/www.facebook.com\/roberto.o.hinojosa?mibextid=wwXIfr&rdid=ZN4qwCWsy8LRrSWw&share_url=httpswww.facebook.comshare18N69gECNDmibextidwwXIfr\",\"https:\/\/www.instagram.com\/roberto.osorno.hinojosa?igsh=cWF3Znh2djkzaXdw&utm_source=qr\",\"https:\/\/www.linkedin.com\/in\/robertoosornohinojosa\/\"],\"publishingPrinciples\":\"https:\/\/robertoosorno.com\/politica-de-privacidad\/\",\"actionableFeedbackPolicy\":\"https:\/\/robertoosorno.com\/politica-de-privacidad\/\"}]}<\/script>\n<!-- \/ Yoast SEO Premium plugin. -->","yoast_head_json":{"title":"Coming soon - robertoosorno.com","robots":{"index":"index","follow":"follow","max-snippet":"max-snippet:-1","max-image-preview":"max-image-preview:large","max-video-preview":"max-video-preview:-1"},"canonical":"https:\/\/robertoosorno.com\/en\/coming-soon\/","og_locale":"en_US","og_type":"article","og_title":"Roberto Osorno - Estamos para entender, dise\u00f1ar y resolver","og_description":"Nuestro conocimiento, experiencia y herramientas, nos permiten acompa\u00f1arte en tu jornada de innovaci\u00f3n, transformaci\u00f3n y tecnolog\u00eda.","og_url":"https:\/\/robertoosorno.com\/en\/coming-soon\/","og_site_name":"robertoosorno.com","article_publisher":"https:\/\/www.facebook.com\/roberto.o.hinojosa?mibextid=wwXIfr&rdid=ZN4qwCWsy8LRrSWw&share_url=httpswww.facebook.comshare18N69gECNDmibextidwwXIfr","article_modified_time":"2024-12-10T18:36:01+00:00","og_image":[{"url":"https:\/\/robertoosorno.com\/wp-content\/uploads\/2024\/12\/Group-471.png"}],"twitter_card":"summary_large_image","schema":{"@context":"https:\/\/schema.org","@graph":[{"@type":"WebPage","@id":"https:\/\/robertoosorno.com\/coming-soon\/","url":"https:\/\/robertoosorno.com\/coming-soon\/","name":"Coming soon - robertoosorno.com","isPartOf":{"@id":"https:\/\/robertoosorno.com\/#website"},"datePublished":"2024-12-10T17:32:06+00:00","dateModified":"2024-12-10T18:36:01+00:00","breadcrumb":{"@id":"https:\/\/robertoosorno.com\/coming-soon\/#breadcrumb"},"inLanguage":"en-US","potentialAction":[{"@type":"ReadAction","target":["https:\/\/robertoosorno.com\/coming-soon\/"]}]},{"@type":"BreadcrumbList","@id":"https:\/\/robertoosorno.com\/coming-soon\/#breadcrumb","itemListElement":[{"@type":"ListItem","position":1,"name":"Inicio","item":"https:\/\/robertoosorno.com\/"},{"@type":"ListItem","position":2,"name":"Coming soon"}]},{"@type":"WebSite","@id":"https:\/\/robertoosorno.com\/#website","url":"https:\/\/robertoosorno.com\/","name":"Roberto Osorno","description":"Estamos para entender, dise\u00f1ar y resolver","publisher":{"@id":"https:\/\/robertoosorno.com\/#organization"},"alternateName":"Roberto Osorno","potentialAction":[{"@type":"SearchAction","target":{"@type":"EntryPoint","urlTemplate":"https:\/\/robertoosorno.com\/?s={search_term_string}"},"query-input":"required name=search_term_string"}],"inLanguage":"en-US"},{"@type":"Organization","@id":"https:\/\/robertoosorno.com\/#organization","name":"Roberto Osorno","alternateName":"Roberto Osorno","url":"https:\/\/robertoosorno.com\/","logo":{"@type":"ImageObject","inLanguage":"en-US","@id":"https:\/\/robertoosorno.com\/#\/schema\/logo\/image\/","url":"https:\/\/robertoosorno.com\/wp-content\/uploads\/2024\/12\/Group-471.png","contentUrl":"https:\/\/robertoosorno.com\/wp-content\/uploads\/2024\/12\/Group-471.png","width":190,"height":65,"caption":"Roberto Osorno"},"image":{"@id":"https:\/\/robertoosorno.com\/#\/schema\/logo\/image\/"},"sameAs":["https:\/\/www.facebook.com\/roberto.o.hinojosa?mibextid=wwXIfr&rdid=ZN4qwCWsy8LRrSWw&share_url=httpswww.facebook.comshare18N69gECNDmibextidwwXIfr","https:\/\/www.instagram.com\/roberto.osorno.hinojosa?igsh=cWF3Znh2djkzaXdw&utm_source=qr","https:\/\/www.linkedin.com\/in\/robertoosornohinojosa\/"],"publishingPrinciples":"https:\/\/robertoosorno.com\/politica-de-privacidad\/","actionableFeedbackPolicy":"https:\/\/robertoosorno.com\/politica-de-privacidad\/"}]}},"_links":{"self":[{"href":"https:\/\/robertoosorno.com\/en\/wp-json\/wp\/v2\/pages\/242","targetHints":{"allow":["GET"]}}],"collection":[{"href":"https:\/\/robertoosorno.com\/en\/wp-json\/wp\/v2\/pages"}],"about":[{"href":"https:\/\/robertoosorno.com\/en\/wp-json\/wp\/v2\/types\/page"}],"author":[{"embeddable":true,"href":"https:\/\/robertoosorno.com\/en\/wp-json\/wp\/v2\/users\/1"}],"replies":[{"embeddable":true,"href":"https:\/\/robertoosorno.com\/en\/wp-json\/wp\/v2\/comments?post=242"}],"version-history":[{"count":28,"href":"https:\/\/robertoosorno.com\/en\/wp-json\/wp\/v2\/pages\/242\/revisions"}],"predecessor-version":[{"id":299,"href":"https:\/\/robertoosorno.com\/en\/wp-json\/wp\/v2\/pages\/242\/revisions\/299"}],"wp:attachment":[{"href":"https:\/\/robertoosorno.com\/en\/wp-json\/wp\/v2\/media?parent=242"}],"curies":[{"name":"wp","href":"https:\/\/api.w.org\/{rel}","templated":true}]}}